{"id":28,"date":"2026-02-27T08:21:00","date_gmt":"2026-02-27T07:21:00","guid":{"rendered":"https:\/\/moritzherger.studentsweb.at\/?page_id=28"},"modified":"2026-03-27T08:37:02","modified_gmt":"2026-03-27T07:37:02","slug":"impressum","status":"publish","type":"page","link":"https:\/\/moritzherger.studentsweb.at\/?page_id=28","title":{"rendered":"Impressum"},"content":{"rendered":"\n<p><strong>Betreiber der Website:<\/strong><br>Moritz Herger<br>3361, Aschbach-Markt<br>\u00d6sterreich<\/p>\n\n\n\n<p><strong>Kontakt:<\/strong><br>E-Mail: moritz.herger@hlwhaag.ac.at<\/p>\n\n\n\n<p><strong>Haftung f\u00fcr Inhalte:<\/strong><br>Die Inhalte dieser Website wurden mit gr\u00f6\u00dfter Sorgfalt erstellt. Trotz sorgf\u00e4ltiger Kontrolle kann ich keine Gew\u00e4hr f\u00fcr die Richtigkeit, Vollst\u00e4ndigkeit und Aktualit\u00e4t der Inhalte \u00fcbernehmen. Alle Informationen dienen ausschlie\u00dflich zu <strong>informativen und Fan-Zwecken<\/strong>.<\/p>\n\n\n\n<p><strong>Haftung f\u00fcr Links:<\/strong><br>Diese Website enth\u00e4lt Links zu externen Websites Dritter. F\u00fcr den Inhalt der verlinkten Seiten ist stets der jeweilige Anbieter oder Betreiber verantwortlich. Ich \u00fcbernehme keine Haftung f\u00fcr externe Inhalte.<\/p>\n\n\n\n<p><strong>Bilder und Medien:<\/strong><br>Bilder, Grafiken und andere Medien auf dieser Website stammen aus \u00f6ffentlich zug\u00e4nglichen Quellen oder wurden zu <strong>Fan-Zwecken<\/strong> verwendet. Diese Website ist <strong>nicht kommerziell<\/strong> und dient ausschlie\u00dflich der Pr\u00e4sentation von Mac Millers Musik, Alben und Informationen.<\/p>\n\n\n\n<p><strong>Datenschutz:<\/strong><br>Es werden keine personenbezogenen Daten ohne ausdr\u00fcckliche Zustimmung gesammelt. Sollten \u00fcber Formulare oder Kommentare Daten eingegeben werden, werden diese nur zur Bearbeitung genutzt und nicht an Dritte weitergegeben.<\/p>\n\n\n\n<p><strong>Streitschlichtung:<\/strong><br>Die Europ\u00e4ische Kommission stellt eine Plattform zur Online-Streitbeilegung (OS) bereit: <a>https:\/\/ec.europa.eu\/consumers\/odr<\/a><br>Ich bin weder verpflichtet noch bereit, an Streitbeilegungsverfahren vor einer Verbraucherschlichtungsstelle teilzunehmen.<\/p>\n\n\n\n<p><strong>Hinweis:<\/strong><br>Diese Website ist ein privates Fan-Projekt. Alle Inhalte dienen der Information und Wertsch\u00e4tzung von Mac Millers Werk und sollen seine Musik und Pers\u00f6nlichkeit ehren.<\/p>\n","protected":false},"excerpt":{"rendered":"<p>Betreiber der Website:Moritz Herger3361, Aschbach-Markt\u00d6sterreich Kontakt:E-Mail: moritz.herger@hlwhaag.ac.at Haftung f\u00fcr Inhalte:Die Inhalte dieser Website wurden mit gr\u00f6\u00dfter Sorgfalt erstellt. Trotz sorgf\u00e4ltiger Kontrolle kann ich keine Gew\u00e4hr f\u00fcr die Richtigkeit, Vollst\u00e4ndigkeit und Aktualit\u00e4t der Inhalte \u00fcbernehmen. Alle Informationen dienen ausschlie\u00dflich zu informativen und Fan-Zwecken. Haftung f\u00fcr Links:Diese Website enth\u00e4lt Links zu externen Websites Dritter. F\u00fcr den Inhalt&#8230;<\/p>\n","protected":false},"author":1,"featured_media":0,"parent":0,"menu_order":0,"comment_status":"closed","ping_status":"closed","template":"","meta":{"_kad_post_transparent":"","_kad_post_title":"","_kad_post_layout":"","_kad_post_sidebar_id":"","_kad_post_content_style":"","_kad_post_vertical_padding":"","_kad_post_feature":"","_kad_post_feature_position":"","_kad_post_header":false,"_kad_post_footer":false,"_kad_post_classname":"","footnotes":""},"class_list":["post-28","page","type-page","status-publish","hentry"],"_links":{"self":[{"href":"https:\/\/moritzherger.studentsweb.at\/index.php?rest_route=\/wp\/v2\/pages\/28","targetHints":{"allow":["GET"]}}],"collection":[{"href":"https:\/\/moritzherger.studentsweb.at\/index.php?rest_route=\/wp\/v2\/pages"}],"about":[{"href":"https:\/\/moritzherger.studentsweb.at\/index.php?rest_route=\/wp\/v2\/types\/page"}],"author":[{"embeddable":true,"href":"https:\/\/moritzherger.studentsweb.at\/index.php?rest_route=\/wp\/v2\/users\/1"}],"replies":[{"embeddable":true,"href":"https:\/\/moritzherger.studentsweb.at\/index.php?rest_route=%2Fwp%2Fv2%2Fcomments&post=28"}],"version-history":[{"count":3,"href":"https:\/\/moritzherger.studentsweb.at\/index.php?rest_route=\/wp\/v2\/pages\/28\/revisions"}],"predecessor-version":[{"id":117,"href":"https:\/\/moritzherger.studentsweb.at\/index.php?rest_route=\/wp\/v2\/pages\/28\/revisions\/117"}],"wp:attachment":[{"href":"https:\/\/moritzherger.studentsweb.at\/index.php?rest_route=%2Fwp%2Fv2%2Fmedia&parent=28"}],"curies":[{"name":"wp","href":"https:\/\/api.w.org\/{rel}","templated":true}]}}