{"id":15,"date":"2026-02-27T07:09:32","date_gmt":"2026-02-27T07:09:32","guid":{"rendered":"https:\/\/moritzherger.studentsweb.at\/?page_id=15"},"modified":"2026-03-24T10:10:07","modified_gmt":"2026-03-24T09:10:07","slug":"entwicklung","status":"publish","type":"page","link":"https:\/\/moritzherger.studentsweb.at\/?page_id=15","title":{"rendered":"Entwicklung"},"content":{"rendered":"\n<p>Die Entwicklung von Mac Miller ist nicht nur musikalisch, sondern auch pers\u00f6nlich deutlich erkennbar. Zu Beginn seiner Karriere trat er als junger K\u00fcnstler auf, dessen Musik vor allem von Leichtigkeit, Spa\u00df und dem Lebensgef\u00fchl der Jugend gepr\u00e4gt war. Seine fr\u00fchen Songs spiegeln eine unbeschwerte Zeit wider, in der Erfolg, Freundschaft und das Genie\u00dfen des Moments im Mittelpunkt standen.<\/p>\n\n\n\n<p>Mit wachsender Bekanntheit ver\u00e4nderte sich jedoch nicht nur seine Musik, sondern auch seine Perspektive auf das Leben. Der Druck der \u00d6ffentlichkeit, pers\u00f6nliche Erfahrungen und Herausforderungen f\u00fchrten dazu, dass seine Texte zunehmend ehrlicher und reflektierter wurden. Er begann, sich intensiver mit sich selbst auseinanderzusetzen und lie\u00df seine H\u00f6rer st\u00e4rker an seinen Gedanken und Gef\u00fchlen teilhaben.<\/p>\n\n\n\n<p>Auch musikalisch entwickelte er sich stetig weiter. W\u00e4hrend seine fr\u00fchen Werke stark im klassischen Hip-Hop verankert waren, \u00f6ffnete er sich sp\u00e4ter f\u00fcr neue Einfl\u00fcsse wie Jazz, Soul und Funk. Diese Ver\u00e4nderung zeigt nicht nur seinen k\u00fcnstlerischen Anspruch, sondern auch seinen Wunsch, sich weiterzuentwickeln und neue Ausdrucksformen zu finden. Seine Musik wurde komplexer, ruhiger und oft auch emotionaler.<\/p>\n\n\n\n<p>Parallel dazu l\u00e4sst sich auch seine pers\u00f6nliche Entwicklung erkennen. Vom jungen, oft unbek\u00fcmmerten K\u00fcnstler wurde er zu einem reflektierten Menschen, der sich mit den H\u00f6hen und Tiefen des Lebens auseinandersetzte. Themen wie Selbstfindung, Zweifel und innere Konflikte gewannen an Bedeutung. Diese Ehrlichkeit machte seine Musik f\u00fcr viele Menschen besonders nahbar und authentisch.<\/p>\n\n\n\n<p>In seinen sp\u00e4teren Werken zeigt sich schlie\u00dflich ein K\u00fcnstler, der seinen eigenen Stil gefunden hat und keine Angst mehr hat, verletzlich zu wirken. Seine Entwicklung steht f\u00fcr Wachstum, Ver\u00e4nderung und die Suche nach Identit\u00e4t \u2013 sowohl als Musiker als auch als Mensch. Genau diese Kombination macht ihn bis heute zu einer besonderen und einflussreichen Pers\u00f6nlichkeit in der Musikwelt.<br><br>Sein Leben fand jedoch ein viel zu fr\u00fches Ende. Mac Miller verstarb im Jahr 2018 im Alter von nur 26 Jahren. Sein Tod schockierte Fans auf der ganzen Welt und machte deutlich, wie verletzlich auch erfolgreiche K\u00fcnstler sein k\u00f6nnen.<\/p>\n\n\n\n<p>Trotz seines fr\u00fchen Todes bleibt sein Einfluss bis heute bestehen. Seine Musik wird weiterhin geh\u00f6rt und gesch\u00e4tzt, und viele Menschen finden in seinen Songs Trost, Inspiration und Verst\u00e4ndnis. Sein Verm\u00e4chtnis lebt durch seine Werke weiter und zeigt, wie bedeutend seine Entwicklung \u2013 sowohl als K\u00fcnstler als auch als Mensch \u2013 gewesen ist.<\/p>\n","protected":false},"excerpt":{"rendered":"<p>Die Entwicklung von Mac Miller ist nicht nur musikalisch, sondern auch pers\u00f6nlich deutlich erkennbar. Zu Beginn seiner Karriere trat er als junger K\u00fcnstler auf, dessen Musik vor allem von Leichtigkeit, Spa\u00df und dem Lebensgef\u00fchl der Jugend gepr\u00e4gt war. Seine fr\u00fchen Songs spiegeln eine unbeschwerte Zeit wider, in der Erfolg, Freundschaft und das Genie\u00dfen des Moments&#8230;<\/p>\n","protected":false},"author":1,"featured_media":0,"parent":0,"menu_order":0,"comment_status":"closed","ping_status":"closed","template":"","meta":{"_kad_post_transparent":"","_kad_post_title":"","_kad_post_layout":"","_kad_post_sidebar_id":"","_kad_post_content_style":"","_kad_post_vertical_padding":"","_kad_post_feature":"","_kad_post_feature_position":"","_kad_post_header":false,"_kad_post_footer":false,"_kad_post_classname":"","footnotes":""},"class_list":["post-15","page","type-page","status-publish","hentry"],"_links":{"self":[{"href":"https:\/\/moritzherger.studentsweb.at\/index.php?rest_route=\/wp\/v2\/pages\/15","targetHints":{"allow":["GET"]}}],"collection":[{"href":"https:\/\/moritzherger.studentsweb.at\/index.php?rest_route=\/wp\/v2\/pages"}],"about":[{"href":"https:\/\/moritzherger.studentsweb.at\/index.php?rest_route=\/wp\/v2\/types\/page"}],"author":[{"embeddable":true,"href":"https:\/\/moritzherger.studentsweb.at\/index.php?rest_route=\/wp\/v2\/users\/1"}],"replies":[{"embeddable":true,"href":"https:\/\/moritzherger.studentsweb.at\/index.php?rest_route=%2Fwp%2Fv2%2Fcomments&post=15"}],"version-history":[{"count":3,"href":"https:\/\/moritzherger.studentsweb.at\/index.php?rest_route=\/wp\/v2\/pages\/15\/revisions"}],"predecessor-version":[{"id":111,"href":"https:\/\/moritzherger.studentsweb.at\/index.php?rest_route=\/wp\/v2\/pages\/15\/revisions\/111"}],"wp:attachment":[{"href":"https:\/\/moritzherger.studentsweb.at\/index.php?rest_route=%2Fwp%2Fv2%2Fmedia&parent=15"}],"curies":[{"name":"wp","href":"https:\/\/api.w.org\/{rel}","templated":true}]}}