{"id":129,"date":"2026-04-10T07:25:18","date_gmt":"2026-04-10T06:25:18","guid":{"rendered":"https:\/\/moritzherger.studentsweb.at\/?page_id=129"},"modified":"2026-04-10T07:41:17","modified_gmt":"2026-04-10T06:41:17","slug":"dein-lieblingssong","status":"publish","type":"page","link":"https:\/\/moritzherger.studentsweb.at\/?page_id=129","title":{"rendered":"Dein Lieblingssong"},"content":{"rendered":"\n<div style=\"height:50px\" aria-hidden=\"true\" class=\"wp-block-spacer\"><\/div>\n\n\n\n<h4 class=\"wp-block-heading\">Mac Millers Musik ist vielf\u00e4ltig und hat sich \u00fcber die Jahre stark ver\u00e4ndert.<br>Welcher Song ist dein Favorit \u2013 und von welchem Album ist er?<\/h4>\n\n\n\n<div style=\"height:100px\" aria-hidden=\"true\" class=\"wp-block-spacer\"><\/div>\n\n\n<style>.wp-block-kadence-advanced-form131-cpt-id .kb-advanced-form input[type=text],.wp-block-kadence-advanced-form131-cpt-id .kb-advanced-form input[type=tel],.wp-block-kadence-advanced-form131-cpt-id .kb-advanced-form input[type=number],.wp-block-kadence-advanced-form131-cpt-id .kb-advanced-form input[type=date],.wp-block-kadence-advanced-form131-cpt-id .kb-advanced-form input[type=time],.wp-block-kadence-advanced-form131-cpt-id .kb-advanced-form input[type=email],.wp-block-kadence-advanced-form131-cpt-id .kb-advanced-form input[type=file],.wp-block-kadence-advanced-form131-cpt-id .kb-advanced-form select,.wp-block-kadence-advanced-form131-cpt-id .kb-advanced-form textarea{border-top:0px solid #B9B9C5;border-right:0px solid #B9B9C5;border-bottom:2px solid #B9B9C5;border-left:0px solid #B9B9C5;border-top-left-radius:0px;border-top-right-radius:0px;border-bottom-right-radius:0px;border-bottom-left-radius:0px;box-shadow:0px 0px 0px 0px rgba(0, 0, 0, 0);}.wp-block-kadence-advanced-form131-cpt-id{--kb-form-border-width:0px;--kb-form-border-color:#B9B9C5;}.wp-block-kadence-advanced-form131-cpt-id input[type=text]:focus,.wp-block-kadence-advanced-form131-cpt-id input[type=email]:focus,.wp-block-kadence-advanced-form131-cpt-id input[type=tel]:focus,.wp-block-kadence-advanced-form131-cpt-id input[type=date]:focus,.wp-block-kadence-advanced-form131-cpt-id input[type=number]:focus,.wp-block-kadence-advanced-form131-cpt-id input[type=time]:focus,.wp-block-kadence-advanced-form131-cpt-id input[type=file]:focus,.wp-block-kadence-advanced-form131-cpt-id select:focus,.wp-block-kadence-advanced-form131-cpt-id textarea:focus{border-color:var(--global-palette1, #3182CE);box-shadow:0px 0px 0px 0px rgba(0, 0, 0, 0);}.wp-block-kadence-advanced-form131-cpt-id .kb-adv-form-field .kb-adv-form-label{color:#909097;}@media all and (max-width: 1024px){.wp-block-kadence-advanced-form131-cpt-id .kb-advanced-form input[type=text],.wp-block-kadence-advanced-form131-cpt-id .kb-advanced-form input[type=tel],.wp-block-kadence-advanced-form131-cpt-id .kb-advanced-form input[type=number],.wp-block-kadence-advanced-form131-cpt-id .kb-advanced-form input[type=date],.wp-block-kadence-advanced-form131-cpt-id .kb-advanced-form input[type=time],.wp-block-kadence-advanced-form131-cpt-id .kb-advanced-form input[type=email],.wp-block-kadence-advanced-form131-cpt-id .kb-advanced-form input[type=file],.wp-block-kadence-advanced-form131-cpt-id .kb-advanced-form select,.wp-block-kadence-advanced-form131-cpt-id .kb-advanced-form textarea{border-top:0px solid #B9B9C5;border-right:0px solid #B9B9C5;border-bottom:2px solid #B9B9C5;border-left:0px solid #B9B9C5;}}@media all and (max-width: 767px){.wp-block-kadence-advanced-form131-cpt-id .kb-advanced-form input[type=text],.wp-block-kadence-advanced-form131-cpt-id .kb-advanced-form input[type=tel],.wp-block-kadence-advanced-form131-cpt-id .kb-advanced-form input[type=number],.wp-block-kadence-advanced-form131-cpt-id .kb-advanced-form input[type=date],.wp-block-kadence-advanced-form131-cpt-id .kb-advanced-form input[type=time],.wp-block-kadence-advanced-form131-cpt-id .kb-advanced-form input[type=email],.wp-block-kadence-advanced-form131-cpt-id .kb-advanced-form input[type=file],.wp-block-kadence-advanced-form131-cpt-id .kb-advanced-form select,.wp-block-kadence-advanced-form131-cpt-id .kb-advanced-form textarea{border-top:0px solid #B9B9C5;border-right:0px solid #B9B9C5;border-bottom:2px solid #B9B9C5;border-left:0px solid #B9B9C5;}}<\/style><div class=\"wp-block-kadence-advanced-form wp-block-kadence-advanced-form131-cpt-id kb-adv-form-label-style-float kb-adv-form-input-size-standard kb-form-basic-style wp-block-kadence-advanced-form\"><form id=\"kb-adv-form-131-cpt-id\" class=\"kb-advanced-form\" method=\"post\">\n<style>.kb-row-layout-id129_ab9a7d-6a > .kt-row-column-wrap{align-content:start;}:where(.kb-row-layout-id129_ab9a7d-6a > .kt-row-column-wrap) > .wp-block-kadence-column{justify-content:start;}.kb-row-layout-id129_ab9a7d-6a > .kt-row-column-wrap{column-gap:var(--global-kb-gap-md, 2rem);row-gap:var(--global-kb-gap-md, 2rem);padding-top:0px;padding-right:0px;padding-bottom:0px;padding-left:0px;grid-template-columns:repeat(2, minmax(0, 1fr));}.kb-row-layout-id129_ab9a7d-6a > .kt-row-layout-overlay{opacity:0.30;}@media all and (max-width: 1024px){.kb-row-layout-id129_ab9a7d-6a > .kt-row-column-wrap{grid-template-columns:repeat(2, minmax(0, 1fr));}}@media all and (max-width: 767px){.kb-row-layout-id129_ab9a7d-6a > .kt-row-column-wrap{grid-template-columns:minmax(0, 1fr);}}<\/style><div class=\"kb-row-layout-wrap kb-row-layout-id129_ab9a7d-6a alignnone wp-block-kadence-rowlayout\"><div class=\"kt-row-column-wrap kt-has-2-columns kt-row-layout-equal kt-tab-layout-inherit kt-mobile-layout-row kt-row-valign-top\">\n<style>.kadence-column129_262a25-db > .kt-inside-inner-col,.kadence-column129_262a25-db > .kt-inside-inner-col:before{border-top-left-radius:0px;border-top-right-radius:0px;border-bottom-right-radius:0px;border-bottom-left-radius:0px;}.kadence-column129_262a25-db > .kt-inside-inner-col{column-gap:var(--global-kb-gap-sm, 1rem);}.kadence-column129_262a25-db > .kt-inside-inner-col{flex-direction:column;}.kadence-column129_262a25-db > .kt-inside-inner-col > .aligncenter{width:100%;}.kadence-column129_262a25-db > .kt-inside-inner-col:before{opacity:0.3;}.kadence-column129_262a25-db{position:relative;}@media all and (max-width: 1024px){.kadence-column129_262a25-db > .kt-inside-inner-col{flex-direction:column;justify-content:center;}}@media all and (max-width: 767px){.kadence-column129_262a25-db > .kt-inside-inner-col{flex-direction:column;justify-content:center;}}<\/style>\n<div class=\"wp-block-kadence-column kadence-column129_262a25-db\"><div class=\"kt-inside-inner-col\"><div class=\"kb-adv-form-field kb-adv-form-text-type-input kb-adv-form-infield-type-input kb-field131234826-d7 wp-block-kadence-advanced-form-text\"><label class=\"kb-adv-form-label\" for=\"field131234826-d7\">Lieblingssong<\/label><input name=\"field234826-d7\" id=\"field131234826-d7\" data-label=\"Lieblingssong\" type=\"text\" placeholder=\"\" value=\"\" data-type=\"text\" class=\"kb-field kb-text-field\" data-required=\"no\" \/><\/div><\/div><\/div>\n\n\n<style>.kadence-column129_1c4b8a-d4 > .kt-inside-inner-col,.kadence-column129_1c4b8a-d4 > .kt-inside-inner-col:before{border-top-left-radius:0px;border-top-right-radius:0px;border-bottom-right-radius:0px;border-bottom-left-radius:0px;}.kadence-column129_1c4b8a-d4 > .kt-inside-inner-col{column-gap:var(--global-kb-gap-sm, 1rem);}.kadence-column129_1c4b8a-d4 > .kt-inside-inner-col{flex-direction:column;}.kadence-column129_1c4b8a-d4 > .kt-inside-inner-col > .aligncenter{width:100%;}.kadence-column129_1c4b8a-d4 > .kt-inside-inner-col:before{opacity:0.3;}.kadence-column129_1c4b8a-d4{position:relative;}@media all and (max-width: 1024px){.kadence-column129_1c4b8a-d4 > .kt-inside-inner-col{flex-direction:column;justify-content:center;}}@media all and (max-width: 767px){.kadence-column129_1c4b8a-d4 > .kt-inside-inner-col{flex-direction:column;justify-content:center;}}<\/style>\n<div class=\"wp-block-kadence-column kadence-column129_1c4b8a-d4\"><div class=\"kt-inside-inner-col\"><div class=\"kb-adv-form-field kb-adv-form-text-type-input kb-adv-form-infield-type-input kb-field131277646-4d wp-block-kadence-advanced-form-text\"><label class=\"kb-adv-form-label\" for=\"field131277646-4d\">Album<\/label><input name=\"field277646-4d\" id=\"field131277646-4d\" data-label=\"Album\" type=\"text\" placeholder=\"\" value=\"\" data-type=\"text\" class=\"kb-field kb-text-field\" data-required=\"no\" \/><\/div><\/div><\/div>\n\n<\/div><\/div>\n\n<style>ul.menu .kb-submit-field .kb-btne22b4a-ce.kb-button{width:initial;}.kb-submit-field.kb-fielde22b4a-ce{justify-content:flex-start;}<\/style><div class=\"kb-adv-form-field kb-submit-field kb-fielde22b4a-ce wp-block-kadence-advanced-form-submit\"><button class=\"kb-button kt-button button kb-adv-form-submit-button kb-btne22b4a-ce kt-btn-size-standard kt-btn-width-type-auto kb-btn-global-fill kt-btn-has-text-true kt-btn-has-svg-false\" type=\"submit\"><span class=\"kt-btn-inner-text\">Submit<\/span><\/button><\/div>\n<input type=\"hidden\" name=\"_kb_adv_form_post_id\" value=\"131\"><input type=\"hidden\" name=\"action\" value=\"kb_process_advanced_form_submit\"><input type=\"hidden\" name=\"_kb_adv_form_id\" value=\"131-cpt-id\"><\/form><\/div>\n\n\n<div style=\"height:150px\" aria-hidden=\"true\" class=\"wp-block-spacer\"><\/div>\n\n\n\n<p><\/p>\n","protected":false},"excerpt":{"rendered":"<p>Mac Millers Musik ist vielf\u00e4ltig und hat sich \u00fcber die Jahre stark ver\u00e4ndert.Welcher Song ist dein Favorit \u2013 und von welchem Album ist er?<\/p>\n","protected":false},"author":1,"featured_media":0,"parent":0,"menu_order":0,"comment_status":"closed","ping_status":"closed","template":"","meta":{"_kad_post_transparent":"","_kad_post_title":"","_kad_post_layout":"","_kad_post_sidebar_id":"","_kad_post_content_style":"","_kad_post_vertical_padding":"","_kad_post_feature":"","_kad_post_feature_position":"","_kad_post_header":false,"_kad_post_footer":false,"_kad_post_classname":"","footnotes":""},"class_list":["post-129","page","type-page","status-publish","hentry"],"_links":{"self":[{"href":"https:\/\/moritzherger.studentsweb.at\/index.php?rest_route=\/wp\/v2\/pages\/129","targetHints":{"allow":["GET"]}}],"collection":[{"href":"https:\/\/moritzherger.studentsweb.at\/index.php?rest_route=\/wp\/v2\/pages"}],"about":[{"href":"https:\/\/moritzherger.studentsweb.at\/index.php?rest_route=\/wp\/v2\/types\/page"}],"author":[{"embeddable":true,"href":"https:\/\/moritzherger.studentsweb.at\/index.php?rest_route=\/wp\/v2\/users\/1"}],"replies":[{"embeddable":true,"href":"https:\/\/moritzherger.studentsweb.at\/index.php?rest_route=%2Fwp%2Fv2%2Fcomments&post=129"}],"version-history":[{"count":4,"href":"https:\/\/moritzherger.studentsweb.at\/index.php?rest_route=\/wp\/v2\/pages\/129\/revisions"}],"predecessor-version":[{"id":144,"href":"https:\/\/moritzherger.studentsweb.at\/index.php?rest_route=\/wp\/v2\/pages\/129\/revisions\/144"}],"wp:attachment":[{"href":"https:\/\/moritzherger.studentsweb.at\/index.php?rest_route=%2Fwp%2Fv2%2Fmedia&parent=129"}],"curies":[{"name":"wp","href":"https:\/\/api.w.org\/{rel}","templated":true}]}}